{"id":53,"date":"2018-09-26T19:25:39","date_gmt":"2018-09-26T19:25:39","guid":{"rendered":"http:\/\/ptinspekce.cz.uvirt72.active24.cz\/?page_id=53"},"modified":"2025-02-11T08:57:03","modified_gmt":"2025-02-11T08:57:03","slug":"dokumenty","status":"publish","type":"page","link":"https:\/\/www.ptinspekce.cz\/index.php\/dokumenty\/","title":{"rendered":"Dokumenty"},"content":{"rendered":"<h4>Opr\u00e1vn\u011bn\u00ed TI\u010cR<\/h4>\n<p><a href=\"http:\/\/www.ptinspekce.cz\/wp-content\/uploads\/2020\/04\/2020-04-20_OPR_TICR_EZ_LOC_SVO.pdf\">Elektrick\u00e1 za\u0159\u00edzen\u00ed<\/a><\/p>\n<h4>\u00a0<\/h4>\n<h4>V\u00fdstupn\u00ed dokumenty<\/h4>\n<p><a href=\"http:\/\/www.ptinspekce.cz\/wp-content\/uploads\/2020\/05\/2020-05-04_PLI_Velenice_VON_SVO.pdf\">V\u00fdstupn\u00ed dokument provozovan\u00fdch hern\u00edch za\u0159\u00edzen\u00ed a d\u011btsk\u00fdch h\u0159i\u0161\u0165 <\/a><\/p>\n<p><a href=\"http:\/\/www.ptinspekce.cz\/wp-content\/uploads\/2020\/05\/2020-05-05_IZ_adapter_LOC_SVO.pdf\">V\u00fdstupn\u00ed dokument\u00a0 pro Strojn\u00ed za\u0159\u00edzen\u00ed<\/a><\/p>\n<p>\u00a0<\/p>\n<h4>Produktov\u00e9 listy<\/h4>\n<p><a href=\"http:\/\/www.ptinspekce.cz\/wp-content\/uploads\/2020\/04\/2020-04-11-PTI_bezpecnost_stroj_zarizeni.pdf\">Bezpe\u010dnost strojn\u00edch za\u0159\u00edzen\u00ed<\/a><\/p>\n<p><a href=\"http:\/\/www.ptinspekce.cz\/wp-content\/uploads\/2020\/04\/2020-04-11-PTI_technick\u00e9.pdf\">Kontroly technick\u00fdch za\u0159\u00edzen\u00ed<\/a><\/p>\n<p><a href=\"http:\/\/www.ptinspekce.cz\/wp-content\/uploads\/2020\/04\/2020-04-11-PTI_revize_el_zar.pdf\">Revize elektrick\u00fdch instalac\u00ed a za\u0159\u00edzen\u00ed<\/a><\/p>\n<p><a href=\"http:\/\/www.ptinspekce.cz\/wp-content\/uploads\/2020\/04\/2020-04-11-PTI_LVD.pdf\">Elektrick\u00e1 bezpe\u010dnost -LVD<\/a><\/p>\n<p><a href=\"http:\/\/www.ptinspekce.cz\/wp-content\/uploads\/2020\/04\/2020-04-16-PTI_hriste_PLZ.pdf\">Prost\u0159edky lidov\u00e9 z\u00e1bavy<\/a><\/p>\n<p><a href=\"http:\/\/www.ptinspekce.cz\/wp-content\/uploads\/2020\/04\/2020-04-16-PTI_NDT_PEC.pdf\">Ocelov\u00e9 konstrukce<\/a><\/p>\n\n\n<h4 class=\"wp-block-heading\"><strong>Obchodn\u00ed podm\u00ednky<\/strong><\/h4>\n\n\n\n<p><a href=\"http:\/\/www.ptinspekce.cz\/wp-content\/uploads\/2021\/02\/2021-02-11_Vseobecne_obchodni_podminky_PTI_V05_SVO-1.pdf\" target=\"_blank\" rel=\"noreferrer noopener\">V\u0161eobecn\u00e9 obchodn\u00ed podm\u00ednky<\/a><\/p>\n\n\n\n<p><a href=\"http:\/\/www.ptinspekce.cz\/wp-content\/uploads\/2021\/02\/2021-02-11_GDPR_PTI_V02_SVO-1.pdf\">G<\/a><a href=\"http:\/\/www.ptinspekce.cz\/wp-content\/uploads\/2021\/02\/2021-02-11_GDPR_PTI_V02_SVO-1.pdf\" target=\"_blank\" rel=\"noreferrer noopener\">DPR<\/a><\/p>\n","protected":false},"excerpt":{"rendered":"<p>Opr\u00e1vn\u011bn\u00ed TI\u010cR Elektrick\u00e1 za\u0159\u00edzen\u00ed \u00a0 V\u00fdstupn\u00ed dokumenty V\u00fdstupn\u00ed dokument provozovan\u00fdch hern\u00edch za\u0159\u00edzen\u00ed a d\u011btsk\u00fdch h\u0159i\u0161\u0165 V\u00fdstupn\u00ed dokument\u00a0 pro Strojn\u00ed za\u0159\u00edzen\u00ed \u00a0 Produktov\u00e9 listy Bezpe\u010dnost strojn\u00edch za\u0159\u00edzen\u00ed Kontroly technick\u00fdch za\u0159\u00edzen\u00ed Revize elektrick\u00fdch instalac\u00ed a za\u0159\u00edzen\u00ed Elektrick\u00e1 bezpe\u010dnost -LVD Prost\u0159edky lidov\u00e9 z\u00e1bavy Ocelov\u00e9 konstrukce Obchodn\u00ed podm\u00ednky V\u0161eobecn\u00e9 obchodn\u00ed podm\u00ednky GDPR<\/p>\n","protected":false},"author":1,"featured_media":0,"parent":0,"menu_order":0,"comment_status":"closed","ping_status":"closed","template":"","meta":{"footnotes":""},"class_list":["post-53","page","type-page","status-publish","hentry"],"_links":{"self":[{"href":"https:\/\/www.ptinspekce.cz\/index.php\/wp-json\/wp\/v2\/pages\/53","targetHints":{"allow":["GET"]}}],"collection":[{"href":"https:\/\/www.ptinspekce.cz\/index.php\/wp-json\/wp\/v2\/pages"}],"about":[{"href":"https:\/\/www.ptinspekce.cz\/index.php\/wp-json\/wp\/v2\/types\/page"}],"author":[{"embeddable":true,"href":"https:\/\/www.ptinspekce.cz\/index.php\/wp-json\/wp\/v2\/users\/1"}],"replies":[{"embeddable":true,"href":"https:\/\/www.ptinspekce.cz\/index.php\/wp-json\/wp\/v2\/comments?post=53"}],"version-history":[{"count":31,"href":"https:\/\/www.ptinspekce.cz\/index.php\/wp-json\/wp\/v2\/pages\/53\/revisions"}],"predecessor-version":[{"id":488,"href":"https:\/\/www.ptinspekce.cz\/index.php\/wp-json\/wp\/v2\/pages\/53\/revisions\/488"}],"wp:attachment":[{"href":"https:\/\/www.ptinspekce.cz\/index.php\/wp-json\/wp\/v2\/media?parent=53"}],"curies":[{"name":"wp","href":"https:\/\/api.w.org\/{rel}","templated":true}]}}