{"id":49,"date":"2018-09-26T19:24:10","date_gmt":"2018-09-26T19:24:10","guid":{"rendered":"http:\/\/ptinspekce.cz.uvirt72.active24.cz\/?page_id=49"},"modified":"2025-02-07T08:59:01","modified_gmt":"2025-02-07T08:59:01","slug":"technicka-inspekce-a-certifikace","status":"publish","type":"page","link":"https:\/\/www.ptinspekce.cz\/index.php\/technicka-inspekce-a-certifikace\/","title":{"rendered":"Technick\u00e1 inspekce a certifikace"},"content":{"rendered":"\t\t<div data-elementor-type=\"wp-post\" data-elementor-id=\"49\" class=\"elementor elementor-49 elementor-bc-flex-widget\" data-elementor-settings=\"[]\">\n\t\t\t<div class=\"elementor-inner\">\n\t\t\t\t<div class=\"elementor-section-wrap\">\n\t\t\t\t\t\t\t<section class=\"elementor-element elementor-element-ac727af elementor-section-boxed elementor-section-height-default elementor-section-height-default elementor-section elementor-top-section\" data-id=\"ac727af\" data-element_type=\"section\">\n\t\t\t\t\t\t<div class=\"elementor-container elementor-column-gap-default\">\n\t\t\t\t<div class=\"elementor-row\">\n\t\t\t\t<div class=\"elementor-element elementor-element-09383c0 elementor-column elementor-col-100 elementor-top-column\" data-id=\"09383c0\" data-element_type=\"column\">\n\t\t\t<div class=\"elementor-column-wrap  elementor-element-populated\">\n\t\t\t\t\t<div class=\"elementor-widget-wrap\">\n\t\t\t\t<div class=\"elementor-element elementor-element-2d13ae5 elementor-widget elementor-widget-text-editor\" data-id=\"2d13ae5\" data-element_type=\"widget\" data-widget_type=\"text-editor.default\">\n\t\t\t\t<div class=\"elementor-widget-container\">\n\t\t\t\t\t<div class=\"elementor-text-editor elementor-clearfix\"><p>Divize pracuje od roku 2006. Zaji\u0161\u0165uje pro z\u00e1kazn\u00edky ve\u0161ker\u00e9 slu\u017eby spojen\u00e9 s p\u00e9\u010d\u00ed o skupiny technick\u00fdch za\u0159\u00edzen\u00ed s velmi vysok\u00fdm a vysok\u00fdm stupn\u011bm provozn\u00edho rizika, v\u010detn\u011b zav\u00e1d\u011bn\u00ed a zaji\u0161t\u011bn\u00ed cerifikace syst\u00e9m\u016f \u0159\u00edzen\u00ed jakosti, kter\u00e9 s t\u011bmito \u010dinnostmi p\u0159\u00edmo souvis\u00ed \u010di na n\u011b navazuj\u00ed.\u00a0<\/p><p>Uveden\u00e9 \u010dinnosti prov\u00e1d\u00edme kvalifikovan\u00fdm person\u00e1lem s dlouhodob\u00fdmi zku\u0161enostmi z uveden\u00e9 oblasti. V\u00fdsledn\u00e9 dokumenty jsou pak zaji\u0161t\u011bny renomovan\u00fdmi akreditovan\u00fdmi, autorizovan\u00fdmi \u010di notifikovan\u00fdmi subjekty.<\/p><p>\u00a0<\/p><p>Nab\u00edz\u00edme p\u0159edev\u0161\u00edm:<\/p><p>\u00a0<\/p><p>1. Zaji\u0161t\u011bn\u00ed komplexn\u00ed jakosti v oblasti sva\u0159ov\u00e1n\u00ed, a to i u v\u00fdrobk\u016f v regulovan\u00e9 sf\u00e9\u0159e \/PED, JE atd.\/<\/p><p>&#8211; Zaji\u0161t\u011bn\u00ed odborn\u00e9 zp\u016fsobilosti sv\u00e1\u0159e\u010dsk\u00e9ho person\u00e1lu<img loading=\"lazy\" decoding=\"async\" class=\"size-medium wp-image-231 alignright\" src=\"http:\/\/www.ptinspekce.cz\/wp-content\/uploads\/2018\/10\/people-3047306-300x200.jpg\" alt=\"\" width=\"300\" height=\"200\" srcset=\"https:\/\/www.ptinspekce.cz\/wp-content\/uploads\/2018\/10\/people-3047306-300x200.jpg 300w, https:\/\/www.ptinspekce.cz\/wp-content\/uploads\/2018\/10\/people-3047306-768x512.jpg 768w, https:\/\/www.ptinspekce.cz\/wp-content\/uploads\/2018\/10\/people-3047306-1024x683.jpg 1024w, https:\/\/www.ptinspekce.cz\/wp-content\/uploads\/2018\/10\/people-3047306-1620x1080.jpg 1620w\" sizes=\"auto, (max-width: 300px) 100vw, 300px\" \/><\/p><p>&#8211; Zaji\u0161t\u011bn\u00ed technologick\u00fdch postup\u016f sva\u0159ov\u00e1n\u00ed a jejich schv\u00e1len\u00ed ur\u010den\u00fdm subjektem \/WPQR\/<\/p><p>&#8211; Zaji\u0161t\u011bn\u00ed vybudov\u00e1n\u00ed a certifikace syst\u00e9mu \u0159\u00edzen\u00ed jakosti dle norem \u0159ady 3934, 1080, 15085, 1090 atd.<\/p><p>V\u00fd\u0161e uveden\u00e9 \u010dinnosti jsou zaji\u0161\u0165ov\u00e1ny ve spolupr\u00e1ci s renomovan\u00fdmi akreditovan\u00fdmi a autorizovan\u00fdmi subjekty a v sou\u010dinnosti se\u00a0<a href=\"http:\/\/www.en3834.cz\/\" target=\"_blank\" rel=\"noopener\">Spolkem pro jakost ve sva\u0159ov\u00e1n\u00ed.<\/a><\/p><p>\u00a0<\/p><p>2. Zaji\u0161t\u011bn\u00ed komplexn\u00ed technick\u00e9 p\u00e9\u010de o provozovan\u00e1 technick\u00e1 za\u0159\u00edzen\u00ed s vysok\u00fdm provozn\u00edm rizikem \u2013 VTZ dle po\u017eadavk\u016f vyhl. \u010cUBP.<\/p><p>&#8211; Plynov\u00e1, Tlakov\u00e1, Zdvihac\u00ed, Eletrick\u00e1<\/p><p>V\u00fdstupn\u00ed dokumenty prov\u00e1d\u011bn\u00fdch kontroln\u00edch prohl\u00eddek, zkou\u0161ek a reviz\u00ed jsou vyd\u00e1v\u00e1ny v souladu s po\u017eadavky obecn\u011b z\u00e1vazn\u00fdch p\u0159edpis\u016f platn\u00fdch v \u010cR.<\/p><p>Kontroln\u00ed prohl\u00eddky a zkou\u0161ky provedeme tak\u00e9 na ve\u0161ker\u00fdch strojn\u00edch za\u0159\u00edzen\u00edch dle po\u017eadavk\u016f platn\u00e9 legislativy.<\/p><p>\u00a0<\/p><p><img loading=\"lazy\" decoding=\"async\" class=\"size-medium wp-image-234 alignleft\" src=\"http:\/\/www.ptinspekce.cz\/wp-content\/uploads\/2018\/10\/shipyard-2458150-300x199.jpg\" alt=\"\" width=\"300\" height=\"199\" srcset=\"https:\/\/www.ptinspekce.cz\/wp-content\/uploads\/2018\/10\/shipyard-2458150-300x199.jpg 300w, https:\/\/www.ptinspekce.cz\/wp-content\/uploads\/2018\/10\/shipyard-2458150-768x510.jpg 768w, https:\/\/www.ptinspekce.cz\/wp-content\/uploads\/2018\/10\/shipyard-2458150-1024x681.jpg 1024w, https:\/\/www.ptinspekce.cz\/wp-content\/uploads\/2018\/10\/shipyard-2458150-1625x1080.jpg 1625w, https:\/\/www.ptinspekce.cz\/wp-content\/uploads\/2018\/10\/shipyard-2458150.jpg 1920w\" sizes=\"auto, (max-width: 300px) 100vw, 300px\" \/><\/p><p>3. Zaji\u0161t\u011bn\u00ed komplexn\u00edho technick\u00e9ho servisu pro dodavatele pro oblast Jadern\u00e9 energetiky dle po\u017eadavk\u016f vyhl.\u010d. 358\/2016 Sb. V\u00fdstupn\u00ed dokumenty jsou vyd\u00e1v\u00e1ny ve spolupr\u00e1ci s autorizovanou osobou pov\u011b\u0159enou \u00daNMZ k v\u00fdkonu autorizovan\u00e9 \u010dinnosti.<\/p><p>4. Posouzen\u00ed \u010di certifikace syst\u00e9m\u016f \u0159\u00edd\u00edc\u00edch jakost dle evropsk\u00fdch standard\u016f \u0159ady norem 9001, 14001, 18001 atd.<\/p><p>V\u00fdstupn\u00ed dokumenty mohou b\u00fdt dle po\u017eadavku z\u00e1kazn\u00edka vyd\u00e1v\u00e1ny ve spolupr\u00e1ci s akreditovan\u00fdmi subjekty.<\/p><p><img loading=\"lazy\" decoding=\"async\" class=\"size-medium wp-image-235 alignright\" src=\"http:\/\/www.ptinspekce.cz\/wp-content\/uploads\/2018\/10\/building-2762318-300x199.jpg\" alt=\"\" width=\"300\" height=\"199\" srcset=\"https:\/\/www.ptinspekce.cz\/wp-content\/uploads\/2018\/10\/building-2762318-300x199.jpg 300w, https:\/\/www.ptinspekce.cz\/wp-content\/uploads\/2018\/10\/building-2762318-768x509.jpg 768w, https:\/\/www.ptinspekce.cz\/wp-content\/uploads\/2018\/10\/building-2762318-1024x678.jpg 1024w, https:\/\/www.ptinspekce.cz\/wp-content\/uploads\/2018\/10\/building-2762318-1631x1080.jpg 1631w\" sizes=\"auto, (max-width: 300px) 100vw, 300px\" \/>5. V r\u00e1mci evropsk\u00fdch program\u016f P4 \/Pr\u016fmyslov\u00e1 revoluce P 4.0\/ se na\u0161e firma pod\u00edl\u00ed na v\u00fdvoji elektronick\u00fdch n\u00e1stroj\u016f pro zav\u00e1d\u011bn\u00ed proces\u016f automatizace, robotizace a digitalizace kontroln\u00edch, inspek\u010dn\u00edch a certifika\u010dn\u00edch proces\u016f.<\/p><p>6. Pro startuj\u00edc\u00ed podnikatelsk\u00e9 subjekty, \u017eivnostn\u00edky a mal\u00e9 a st\u0159edn\u00ed podniky poskytujeme slu\u017eby s nadstandardn\u00edmi slevami.<\/p><\/div>\n\t\t\t\t<\/div>\n\t\t\t\t<\/div>\n\t\t\t\t\t\t<\/div>\n\t\t\t<\/div>\n\t\t<\/div>\n\t\t\t\t\t\t<\/div>\n\t\t\t<\/div>\n\t\t<\/section>\n\t\t\t\t\t\t<\/div>\n\t\t\t<\/div>\n\t\t<\/div>\n\t\t","protected":false},"excerpt":{"rendered":"<p>Divize pracuje od roku 2006. Zaji\u0161\u0165uje pro z\u00e1kazn\u00edky ve\u0161ker\u00e9 slu\u017eby spojen\u00e9 s p\u00e9\u010d\u00ed o skupiny technick\u00fdch za\u0159\u00edzen\u00ed s velmi vysok\u00fdm a vysok\u00fdm stupn\u011bm provozn\u00edho rizika, v\u010detn\u011b zav\u00e1d\u011bn\u00ed a zaji\u0161t\u011bn\u00ed cerifikace syst\u00e9m\u016f \u0159\u00edzen\u00ed jakosti, kter\u00e9 s t\u011bmito \u010dinnostmi p\u0159\u00edmo souvis\u00ed \u010di na n\u011b navazuj\u00ed.&nbsp; Uveden\u00e9 \u010dinnosti prov\u00e1d\u00edme kvalifikovan\u00fdm person\u00e1lem s dlouhodob\u00fdmi zku\u0161enostmi z uveden\u00e9 oblasti. V\u00fdsledn\u00e9&hellip; <br \/> <a class=\"read-more\" href=\"https:\/\/www.ptinspekce.cz\/index.php\/technicka-inspekce-a-certifikace\/\">\u010c\u00edst v\u00edce.<\/a><\/p>\n","protected":false},"author":1,"featured_media":0,"parent":0,"menu_order":0,"comment_status":"closed","ping_status":"closed","template":"","meta":{"footnotes":""},"class_list":["post-49","page","type-page","status-publish","hentry"],"_links":{"self":[{"href":"https:\/\/www.ptinspekce.cz\/index.php\/wp-json\/wp\/v2\/pages\/49","targetHints":{"allow":["GET"]}}],"collection":[{"href":"https:\/\/www.ptinspekce.cz\/index.php\/wp-json\/wp\/v2\/pages"}],"about":[{"href":"https:\/\/www.ptinspekce.cz\/index.php\/wp-json\/wp\/v2\/types\/page"}],"author":[{"embeddable":true,"href":"https:\/\/www.ptinspekce.cz\/index.php\/wp-json\/wp\/v2\/users\/1"}],"replies":[{"embeddable":true,"href":"https:\/\/www.ptinspekce.cz\/index.php\/wp-json\/wp\/v2\/comments?post=49"}],"version-history":[{"count":8,"href":"https:\/\/www.ptinspekce.cz\/index.php\/wp-json\/wp\/v2\/pages\/49\/revisions"}],"predecessor-version":[{"id":430,"href":"https:\/\/www.ptinspekce.cz\/index.php\/wp-json\/wp\/v2\/pages\/49\/revisions\/430"}],"wp:attachment":[{"href":"https:\/\/www.ptinspekce.cz\/index.php\/wp-json\/wp\/v2\/media?parent=49"}],"curies":[{"name":"wp","href":"https:\/\/api.w.org\/{rel}","templated":true}]}}