{"id":268,"date":"2018-10-01T22:04:22","date_gmt":"2018-10-01T22:04:22","guid":{"rendered":"http:\/\/www.ptinspekce.cz\/?page_id=268"},"modified":"2020-05-30T14:22:51","modified_gmt":"2020-05-30T14:22:51","slug":"propagace-marketing-vydavatelstvi","status":"publish","type":"page","link":"https:\/\/www.ptinspekce.cz\/index.php\/propagace-marketing-vydavatelstvi\/","title":{"rendered":"Propagace Marketing Vydavatelstv\u00ed"},"content":{"rendered":"\t\t<div data-elementor-type=\"wp-page\" data-elementor-id=\"268\" class=\"elementor elementor-268 elementor-bc-flex-widget\" data-elementor-settings=\"[]\">\n\t\t\t<div class=\"elementor-inner\">\n\t\t\t\t<div class=\"elementor-section-wrap\">\n\t\t\t\t\t\t\t<section class=\"elementor-element elementor-element-66a9600 elementor-section-boxed elementor-section-height-default elementor-section-height-default elementor-section elementor-top-section\" data-id=\"66a9600\" data-element_type=\"section\">\n\t\t\t\t\t\t<div class=\"elementor-container elementor-column-gap-default\">\n\t\t\t\t<div class=\"elementor-row\">\n\t\t\t\t<div class=\"elementor-element elementor-element-9bc2d16 elementor-column elementor-col-100 elementor-top-column\" data-id=\"9bc2d16\" data-element_type=\"column\">\n\t\t\t<div class=\"elementor-column-wrap  elementor-element-populated\">\n\t\t\t\t\t<div class=\"elementor-widget-wrap\">\n\t\t\t\t<div class=\"elementor-element elementor-element-f182778 elementor-widget elementor-widget-text-editor\" data-id=\"f182778\" data-element_type=\"widget\" data-widget_type=\"text-editor.default\">\n\t\t\t\t<div class=\"elementor-widget-container\">\n\t\t\t\t\t<div class=\"elementor-text-editor elementor-clearfix\"><p style=\"color: #3c424f; font-family: Muli, sans-serif;\"><img loading=\"lazy\" decoding=\"async\" class=\"size-medium wp-image-203 alignleft\" src=\"http:\/\/www.ptinspekce.cz\/wp-content\/uploads\/2018\/10\/business_Small-300x200.jpg\" alt=\"\" width=\"300\" height=\"200\" srcset=\"https:\/\/www.ptinspekce.cz\/wp-content\/uploads\/2018\/10\/business_Small-300x200.jpg 300w, https:\/\/www.ptinspekce.cz\/wp-content\/uploads\/2018\/10\/business_Small-768x512.jpg 768w, https:\/\/www.ptinspekce.cz\/wp-content\/uploads\/2018\/10\/business_Small-1024x683.jpg 1024w, https:\/\/www.ptinspekce.cz\/wp-content\/uploads\/2018\/10\/business_Small.jpg 1200w\" sizes=\"auto, (max-width: 300px) 100vw, 300px\" \/>Divize vznikla v roce 2006. Podn\u011btem vzniku bylo p\u0159evzet\u00ed vydavatelstv\u00ed od partnersk\u00e9ho subjektu. V r\u00e1mci t\u00e9to operace p\u0159evzala na\u0161e firma i vyd\u00e1v\u00e1n\u00ed odborn\u00e9ho \u010dasopisu Zpravodaj technick\u00e9 inspekce a Bezpe\u010dnost hygiena ekologie. Tato periodika vych\u00e1zela v ti\u0161t\u011bn\u00e9 podob\u011b a\u017e do roku 2014. Po t\u00e9 byla tato ti\u0161t\u011bn\u00e1 periodika nahrazena elektronickou verz\u00ed.<\/p><p style=\"margin-bottom: 16px; color: #3c424f; font-family: Muli, sans-serif;\">Divize Propagace Marketing Vydavatelstv\u00ed do sou\u010dasnosti pracuje v oblasti zaji\u0161\u0165ov\u00e1n\u00ed obchodn\u00edch a marketingov\u00fdch slu\u017eeb pro n\u011bkolik des\u00edtek z\u00e1kazn\u00edk\u016f.\u00a0<img loading=\"lazy\" decoding=\"async\" class=\"size-medium wp-image-237 alignright\" style=\"color: #000000; font-family: Roboto, sans-serif;\" src=\"http:\/\/www.ptinspekce.cz\/wp-content\/uploads\/2018\/10\/accomplished-3385078-300x200.jpg\" alt=\"\" width=\"300\" height=\"200\" srcset=\"https:\/\/www.ptinspekce.cz\/wp-content\/uploads\/2018\/10\/accomplished-3385078-300x200.jpg 300w, https:\/\/www.ptinspekce.cz\/wp-content\/uploads\/2018\/10\/accomplished-3385078-768x512.jpg 768w, https:\/\/www.ptinspekce.cz\/wp-content\/uploads\/2018\/10\/accomplished-3385078-1024x683.jpg 1024w, https:\/\/www.ptinspekce.cz\/wp-content\/uploads\/2018\/10\/accomplished-3385078-1620x1080.jpg 1620w\" sizes=\"auto, (max-width: 300px) 100vw, 300px\" \/>Zaji\u0161\u0165uje ve\u0161ker\u00fd servis v t\u00e9to oblasti v\u010detn\u011b v\u00fdroby reklamn\u00edch a propaga\u010dn\u00edch p\u0159edm\u011bt\u016f, tiskovin atd.<br \/>Vydavatelsk\u00e1 \u010dinnost je zam\u011b\u0159ena p\u0159edev\u0161\u00edm na technickou oblast a reklamn\u00ed a propaga\u010dn\u00ed tiskoviny.<\/p><\/div>\n\t\t\t\t<\/div>\n\t\t\t\t<\/div>\n\t\t\t\t\t\t<\/div>\n\t\t\t<\/div>\n\t\t<\/div>\n\t\t\t\t\t\t<\/div>\n\t\t\t<\/div>\n\t\t<\/section>\n\t\t\t\t\t\t<\/div>\n\t\t\t<\/div>\n\t\t<\/div>\n\t\t","protected":false},"excerpt":{"rendered":"<p>Divize vznikla v roce 2006. Podn\u011btem vzniku bylo p\u0159evzet\u00ed vydavatelstv\u00ed od partnersk\u00e9ho subjektu. V r\u00e1mci t\u00e9to operace p\u0159evzala na\u0161e firma i vyd\u00e1v\u00e1n\u00ed odborn\u00e9ho \u010dasopisu Zpravodaj technick\u00e9 inspekce a Bezpe\u010dnost hygiena ekologie. Tato periodika vych\u00e1zela v ti\u0161t\u011bn\u00e9 podob\u011b a\u017e do roku 2014. Po t\u00e9 byla tato ti\u0161t\u011bn\u00e1 periodika nahrazena elektronickou verz\u00ed. Divize Propagace Marketing Vydavatelstv\u00ed do&hellip; <br \/> <a class=\"read-more\" href=\"https:\/\/www.ptinspekce.cz\/index.php\/propagace-marketing-vydavatelstvi\/\">\u010c\u00edst v\u00edce.<\/a><\/p>\n","protected":false},"author":1,"featured_media":0,"parent":0,"menu_order":0,"comment_status":"closed","ping_status":"closed","template":"","meta":{"footnotes":""},"class_list":["post-268","page","type-page","status-publish","hentry"],"_links":{"self":[{"href":"https:\/\/www.ptinspekce.cz\/index.php\/wp-json\/wp\/v2\/pages\/268","targetHints":{"allow":["GET"]}}],"collection":[{"href":"https:\/\/www.ptinspekce.cz\/index.php\/wp-json\/wp\/v2\/pages"}],"about":[{"href":"https:\/\/www.ptinspekce.cz\/index.php\/wp-json\/wp\/v2\/types\/page"}],"author":[{"embeddable":true,"href":"https:\/\/www.ptinspekce.cz\/index.php\/wp-json\/wp\/v2\/users\/1"}],"replies":[{"embeddable":true,"href":"https:\/\/www.ptinspekce.cz\/index.php\/wp-json\/wp\/v2\/comments?post=268"}],"version-history":[{"count":4,"href":"https:\/\/www.ptinspekce.cz\/index.php\/wp-json\/wp\/v2\/pages\/268\/revisions"}],"predecessor-version":[{"id":334,"href":"https:\/\/www.ptinspekce.cz\/index.php\/wp-json\/wp\/v2\/pages\/268\/revisions\/334"}],"wp:attachment":[{"href":"https:\/\/www.ptinspekce.cz\/index.php\/wp-json\/wp\/v2\/media?parent=268"}],"curies":[{"name":"wp","href":"https:\/\/api.w.org\/{rel}","templated":true}]}}